{"id":1498,"date":"2021-08-14T23:30:15","date_gmt":"2021-08-14T21:30:15","guid":{"rendered":"https:\/\/www.shop.skolskanaklada.ba\/?post_type=product&#038;p=1498"},"modified":"2025-08-12T21:30:43","modified_gmt":"2025-08-12T19:30:43","slug":"moj-sretni-broj-2-2","status":"publish","type":"product","link":"https:\/\/www.shop.skolskanaklada.ba\/?product=moj-sretni-broj-2-2","title":{"rendered":"Moj sretni broj 2"},"content":{"rendered":"","protected":false},"excerpt":{"rendered":"<p>Tip proizvoda \u00a0\u00a0\u00a0\u00a0\u00a0\u00a0\u00a0\u00a0\u00a0\u00a0\u00a0\u00a0\u00a0\u00a0\u00a0\u00a0\u00a0\u00a0\u00a0\u00a0 Radna bilje\u017enica<\/p>\n<p>Autor\/Autori \u00a0\u00a0\u00a0\u00a0\u00a0\u00a0\u00a0\u00a0\u00a0\u00a0\u00a0\u00a0\u00a0\u00a0\u00a0\u00a0\u00a0\u00a0\u00a0\u00a0\u00a0\u00a0 Miklec, Prtajin, Jakovljevi\u0107 Rogi\u0107, Binder, Mesaro\u0161 Grguri\u0107, Veji\u0107, Petrovi\u0107<\/p>\n<p>\u0160ifra \u00a0\u00a0\u00a0\u00a0\u00a0\u00a0\u00a0\u00a0\u00a0\u00a0\u00a0\u00a0\u00a0\u00a0\u00a0\u00a0\u00a0\u00a0\u00a0\u00a0\u00a0\u00a0\u00a0\u00a0\u00a0\u00a0\u00a0\u00a0\u00a0\u00a0\u00a0\u00a0\u00a0\u00a0\u00a0\u00a0\u00a0\u00a0 12999<\/p>\n<p>Broj stranica \u00a0\u00a0\u00a0\u00a0\u00a0\u00a0\u00a0\u00a0\u00a0\u00a0\u00a0\u00a0\u00a0\u00a0\u00a0\u00a0\u00a0\u00a0\u00a0\u00a0\u00a0\u00a0 88<\/p>\n<p>Format \u00a0\u00a0\u00a0\u00a0\u00a0\u00a0\u00a0\u00a0\u00a0\u00a0\u00a0\u00a0\u00a0\u00a0\u00a0\u00a0\u00a0\u00a0\u00a0\u00a0\u00a0\u00a0\u00a0\u00a0\u00a0\u00a0\u00a0\u00a0\u00a0\u00a0\u00a0\u00a0\u00a0 20 \u00d7 28 cm<\/p>\n<p>Uvez\u00a0 \u00a0 \u00a0 \u00a0 \u00a0 \u00a0 \u00a0 \u00a0 \u00a0 \u00a0 \u00a0 \u00a0 \u00a0 \u00a0 \u00a0 \u00a0 \u00a0 \u00a0 \u00a0 \u00a0 meki<\/p>\n<p>ISBN \u00a0\u00a0\u00a0\u00a0\u00a0\u00a0\u00a0\u00a0\u00a0\u00a0\u00a0\u00a0\u00a0\u00a0\u00a0\u00a0\u00a0\u00a0\u00a0\u00a0\u00a0\u00a0\u00a0\u00a0\u00a0\u00a0\u00a0\u00a0\u00a0\u00a0\u00a0\u00a0\u00a0\u00a0\u00a0\u00a0\u00a0\u00a0 385-015-0-12999-4<\/p>\n<p>Izdava\u010d \u00a0\u00a0\u00a0\u00a0\u00a0\u00a0\u00a0\u00a0\u00a0\u00a0\u00a0\u00a0\u00a0\u00a0\u00a0\u00a0\u00a0\u00a0\u00a0\u00a0\u00a0\u00a0\u00a0\u00a0\u00a0\u00a0\u00a0\u00a0\u00a0\u00a0\u00a0\u00a0\u00a0 \u0160kolska naklada, d.o.o., Mostar<\/p>\n<p>Predmet\u00a0 \u00a0 \u00a0 \u00a0 \u00a0 \u00a0 \u00a0 \u00a0 \u00a0 \u00a0 \u00a0 \u00a0 \u00a0 \u00a0 \u00a0 \u00a0 Matematika<\/p>\n","protected":false},"featured_media":1499,"template":"","meta":[],"product_brand":[],"product_cat":[25],"product_tag":[34],"class_list":{"0":"post-1498","1":"product","2":"type-product","3":"status-publish","4":"has-post-thumbnail","6":"product_cat-drugi_os","7":"product_tag-radna","8":"pa_pred-mat","10":"first","11":"instock","12":"featured","13":"shipping-taxable","14":"purchasable","15":"product-type-simple"},"_links":{"self":[{"href":"https:\/\/www.shop.skolskanaklada.ba\/index.php?rest_route=\/wp\/v2\/product\/1498","targetHints":{"allow":["GET"]}}],"collection":[{"href":"https:\/\/www.shop.skolskanaklada.ba\/index.php?rest_route=\/wp\/v2\/product"}],"about":[{"href":"https:\/\/www.shop.skolskanaklada.ba\/index.php?rest_route=\/wp\/v2\/types\/product"}],"version-history":[{"count":2,"href":"https:\/\/www.shop.skolskanaklada.ba\/index.php?rest_route=\/wp\/v2\/product\/1498\/revisions"}],"predecessor-version":[{"id":1501,"href":"https:\/\/www.shop.skolskanaklada.ba\/index.php?rest_route=\/wp\/v2\/product\/1498\/revisions\/1501"}],"wp:featuredmedia":[{"embeddable":true,"href":"https:\/\/www.shop.skolskanaklada.ba\/index.php?rest_route=\/wp\/v2\/media\/1499"}],"wp:attachment":[{"href":"https:\/\/www.shop.skolskanaklada.ba\/index.php?rest_route=%2Fwp%2Fv2%2Fmedia&parent=1498"}],"wp:term":[{"taxonomy":"product_brand","embeddable":true,"href":"https:\/\/www.shop.skolskanaklada.ba\/index.php?rest_route=%2Fwp%2Fv2%2Fproduct_brand&post=1498"},{"taxonomy":"product_cat","embeddable":true,"href":"https:\/\/www.shop.skolskanaklada.ba\/index.php?rest_route=%2Fwp%2Fv2%2Fproduct_cat&post=1498"},{"taxonomy":"product_tag","embeddable":true,"href":"https:\/\/www.shop.skolskanaklada.ba\/index.php?rest_route=%2Fwp%2Fv2%2Fproduct_tag&post=1498"}],"curies":[{"name":"wp","href":"https:\/\/api.w.org\/{rel}","templated":true}]}}