{"id":1656,"date":"2021-08-23T13:06:54","date_gmt":"2021-08-23T11:06:54","guid":{"rendered":"https:\/\/www.shop.skolskanaklada.ba\/?post_type=product&#038;p=1656"},"modified":"2025-08-12T22:02:14","modified_gmt":"2025-08-12T20:02:14","slug":"razigrani-zvuci-4","status":"publish","type":"product","link":"https:\/\/www.shop.skolskanaklada.ba\/?product=razigrani-zvuci-4","title":{"rendered":"Razigrani zvuci 4"},"content":{"rendered":"","protected":false},"excerpt":{"rendered":"<p>Tip proizvoda\u00a0 \u00a0 \u00a0 \u00a0 \u00a0 \u00a0 \u00a0 \u00a0 \u00a0 \u00a0ud\u017ebenik<\/p>\n<p>Autor\/Autori\u00a0 \u00a0 \u00a0 \u00a0 \u00a0 \u00a0 \u00a0 \u00a0 \u00a0 \u00a0 \u00a0 \u0106ubela, Jandra\u0161ek, Stani\u0161i\u0107<\/p>\n<p>\u0160ifra\u00a0 \u00a0 \u00a0 \u00a0 \u00a0 \u00a0 \u00a0 \u00a0 \u00a0 \u00a0 \u00a0 \u00a0 \u00a0 \u00a0 \u00a0 \u00a0 \u00a0 \u00a0 \u00a0 12953<\/p>\n<p>Broj stranica\u00a0 \u00a0 \u00a0 \u00a0 \u00a0 \u00a0 \u00a0 \u00a0 \u00a0 \u00a0 \u00a0 50<\/p>\n<p>Format\u00a0 \u00a0 \u00a0 \u00a0 \u00a0 \u00a0 \u00a0 \u00a0 \u00a0 \u00a0 \u00a0 \u00a0 \u00a0 \u00a0 \u00a0 \u00a0 \u00a020 \u00d7 27 cm<\/p>\n<p>Uvez\u00a0 \u00a0 \u00a0 \u00a0 \u00a0 \u00a0 \u00a0 \u00a0 \u00a0 \u00a0 \u00a0 \u00a0 \u00a0 \u00a0 \u00a0 \u00a0 \u00a0 \u00a0 \u00a0 meki<\/p>\n<p>ISBN\u00a0 \u00a0 \u00a0 \u00a0 \u00a0 \u00a0 \u00a0 \u00a0 \u00a0 \u00a0 \u00a0 \u00a0 \u00a0 \u00a0 \u00a0 \u00a0 \u00a0 \u00a0 \u00a0 978-953-0-12953-5<\/p>\n<p>Izdava\u010d \u00a0\u00a0\u00a0\u00a0\u00a0\u00a0\u00a0\u00a0\u00a0\u00a0\u00a0\u00a0\u00a0\u00a0\u00a0\u00a0\u00a0\u00a0\u00a0\u00a0\u00a0\u00a0\u00a0\u00a0\u00a0\u00a0\u00a0\u00a0\u00a0\u00a0 \u0160kolska naklada d.o.o. Mostar<\/p>\n<p>Predmet\u00a0 \u00a0 \u00a0 \u00a0 \u00a0 \u00a0 \u00a0 \u00a0 \u00a0 \u00a0 \u00a0 \u00a0 \u00a0 \u00a0 \u00a0 Glazbena kultura<\/p>\n","protected":false},"featured_media":1657,"template":"","meta":[],"product_brand":[],"product_cat":[27],"product_tag":[33],"class_list":{"0":"post-1656","1":"product","2":"type-product","3":"status-publish","4":"has-post-thumbnail","6":"product_cat-cetvrti_os","7":"product_tag-udz","8":"pa_pred-glazba","10":"first","11":"instock","12":"featured","13":"shipping-taxable","14":"purchasable","15":"product-type-simple"},"_links":{"self":[{"href":"https:\/\/www.shop.skolskanaklada.ba\/index.php?rest_route=\/wp\/v2\/product\/1656","targetHints":{"allow":["GET"]}}],"collection":[{"href":"https:\/\/www.shop.skolskanaklada.ba\/index.php?rest_route=\/wp\/v2\/product"}],"about":[{"href":"https:\/\/www.shop.skolskanaklada.ba\/index.php?rest_route=\/wp\/v2\/types\/product"}],"version-history":[{"count":1,"href":"https:\/\/www.shop.skolskanaklada.ba\/index.php?rest_route=\/wp\/v2\/product\/1656\/revisions"}],"predecessor-version":[{"id":1658,"href":"https:\/\/www.shop.skolskanaklada.ba\/index.php?rest_route=\/wp\/v2\/product\/1656\/revisions\/1658"}],"wp:featuredmedia":[{"embeddable":true,"href":"https:\/\/www.shop.skolskanaklada.ba\/index.php?rest_route=\/wp\/v2\/media\/1657"}],"wp:attachment":[{"href":"https:\/\/www.shop.skolskanaklada.ba\/index.php?rest_route=%2Fwp%2Fv2%2Fmedia&parent=1656"}],"wp:term":[{"taxonomy":"product_brand","embeddable":true,"href":"https:\/\/www.shop.skolskanaklada.ba\/index.php?rest_route=%2Fwp%2Fv2%2Fproduct_brand&post=1656"},{"taxonomy":"product_cat","embeddable":true,"href":"https:\/\/www.shop.skolskanaklada.ba\/index.php?rest_route=%2Fwp%2Fv2%2Fproduct_cat&post=1656"},{"taxonomy":"product_tag","embeddable":true,"href":"https:\/\/www.shop.skolskanaklada.ba\/index.php?rest_route=%2Fwp%2Fv2%2Fproduct_tag&post=1656"}],"curies":[{"name":"wp","href":"https:\/\/api.w.org\/{rel}","templated":true}]}}