{"id":3940,"date":"2021-10-01T13:34:24","date_gmt":"2021-10-01T11:34:24","guid":{"rendered":"https:\/\/www.shop.skolskanaklada.ba\/?post_type=product&#038;p=3940"},"modified":"2021-10-01T14:44:33","modified_gmt":"2021-10-01T12:44:33","slug":"sastankom-do-cilja-vjestine-vodenja-uspjesnih-sastanaka","status":"publish","type":"product","link":"https:\/\/www.shop.skolskanaklada.ba\/?product=sastankom-do-cilja-vjestine-vodenja-uspjesnih-sastanaka","title":{"rendered":"Sastankom do cilja &#8211; Vje\u0161tine vo\u0111enja uspje\u0161nih sastanaka"},"content":{"rendered":"","protected":false},"excerpt":{"rendered":"","protected":false},"featured_media":3942,"template":"","meta":[],"product_brand":[],"product_cat":[20],"product_tag":[],"class_list":{"0":"post-3940","1":"product","2":"type-product","3":"status-publish","4":"has-post-thumbnail","6":"product_cat-publi","8":"first","9":"instock","10":"featured","11":"shipping-taxable","12":"purchasable","13":"product-type-simple"},"_links":{"self":[{"href":"https:\/\/www.shop.skolskanaklada.ba\/index.php?rest_route=\/wp\/v2\/product\/3940","targetHints":{"allow":["GET"]}}],"collection":[{"href":"https:\/\/www.shop.skolskanaklada.ba\/index.php?rest_route=\/wp\/v2\/product"}],"about":[{"href":"https:\/\/www.shop.skolskanaklada.ba\/index.php?rest_route=\/wp\/v2\/types\/product"}],"version-history":[{"count":2,"href":"https:\/\/www.shop.skolskanaklada.ba\/index.php?rest_route=\/wp\/v2\/product\/3940\/revisions"}],"predecessor-version":[{"id":3944,"href":"https:\/\/www.shop.skolskanaklada.ba\/index.php?rest_route=\/wp\/v2\/product\/3940\/revisions\/3944"}],"wp:featuredmedia":[{"embeddable":true,"href":"https:\/\/www.shop.skolskanaklada.ba\/index.php?rest_route=\/wp\/v2\/media\/3942"}],"wp:attachment":[{"href":"https:\/\/www.shop.skolskanaklada.ba\/index.php?rest_route=%2Fwp%2Fv2%2Fmedia&parent=3940"}],"wp:term":[{"taxonomy":"product_brand","embeddable":true,"href":"https:\/\/www.shop.skolskanaklada.ba\/index.php?rest_route=%2Fwp%2Fv2%2Fproduct_brand&post=3940"},{"taxonomy":"product_cat","embeddable":true,"href":"https:\/\/www.shop.skolskanaklada.ba\/index.php?rest_route=%2Fwp%2Fv2%2Fproduct_cat&post=3940"},{"taxonomy":"product_tag","embeddable":true,"href":"https:\/\/www.shop.skolskanaklada.ba\/index.php?rest_route=%2Fwp%2Fv2%2Fproduct_tag&post=3940"}],"curies":[{"name":"wp","href":"https:\/\/api.w.org\/{rel}","templated":true}]}}