{"id":4036,"date":"2021-10-01T20:25:50","date_gmt":"2021-10-01T18:25:50","guid":{"rendered":"https:\/\/www.shop.skolskanaklada.ba\/?post_type=product&#038;p=4036"},"modified":"2021-10-01T20:28:45","modified_gmt":"2021-10-01T18:28:45","slug":"turski-jezik-za-putnika-vodic-i-dzepni-rjecnik","status":"publish","type":"product","link":"https:\/\/www.shop.skolskanaklada.ba\/?product=turski-jezik-za-putnika-vodic-i-dzepni-rjecnik","title":{"rendered":"Turski jezik za putnika &#8211; Vodi\u010d i d\u017eepni rje\u010dnik"},"content":{"rendered":"","protected":false},"excerpt":{"rendered":"","protected":false},"featured_media":4037,"template":"","meta":[],"product_brand":[],"product_cat":[21],"product_tag":[],"class_list":{"0":"post-4036","1":"product","2":"type-product","3":"status-publish","4":"has-post-thumbnail","6":"product_cat-rjec","8":"first","9":"instock","10":"featured","11":"shipping-taxable","12":"purchasable","13":"product-type-simple"},"_links":{"self":[{"href":"https:\/\/www.shop.skolskanaklada.ba\/index.php?rest_route=\/wp\/v2\/product\/4036","targetHints":{"allow":["GET"]}}],"collection":[{"href":"https:\/\/www.shop.skolskanaklada.ba\/index.php?rest_route=\/wp\/v2\/product"}],"about":[{"href":"https:\/\/www.shop.skolskanaklada.ba\/index.php?rest_route=\/wp\/v2\/types\/product"}],"version-history":[{"count":2,"href":"https:\/\/www.shop.skolskanaklada.ba\/index.php?rest_route=\/wp\/v2\/product\/4036\/revisions"}],"predecessor-version":[{"id":4039,"href":"https:\/\/www.shop.skolskanaklada.ba\/index.php?rest_route=\/wp\/v2\/product\/4036\/revisions\/4039"}],"wp:featuredmedia":[{"embeddable":true,"href":"https:\/\/www.shop.skolskanaklada.ba\/index.php?rest_route=\/wp\/v2\/media\/4037"}],"wp:attachment":[{"href":"https:\/\/www.shop.skolskanaklada.ba\/index.php?rest_route=%2Fwp%2Fv2%2Fmedia&parent=4036"}],"wp:term":[{"taxonomy":"product_brand","embeddable":true,"href":"https:\/\/www.shop.skolskanaklada.ba\/index.php?rest_route=%2Fwp%2Fv2%2Fproduct_brand&post=4036"},{"taxonomy":"product_cat","embeddable":true,"href":"https:\/\/www.shop.skolskanaklada.ba\/index.php?rest_route=%2Fwp%2Fv2%2Fproduct_cat&post=4036"},{"taxonomy":"product_tag","embeddable":true,"href":"https:\/\/www.shop.skolskanaklada.ba\/index.php?rest_route=%2Fwp%2Fv2%2Fproduct_tag&post=4036"}],"curies":[{"name":"wp","href":"https:\/\/api.w.org\/{rel}","templated":true}]}}