{"id":6191,"date":"2022-03-15T15:34:06","date_gmt":"2022-03-15T14:34:06","guid":{"rendered":"https:\/\/www.shop.skolskanaklada.ba\/?post_type=product&#038;p=6191"},"modified":"2022-03-15T15:36:05","modified_gmt":"2022-03-15T14:36:05","slug":"hrvatsko-njemacki-i-njemacko-hrvatski-rjecnik-pravnog-nazivlja-trgovackih-drustava","status":"publish","type":"product","link":"https:\/\/www.shop.skolskanaklada.ba\/?product=hrvatsko-njemacki-i-njemacko-hrvatski-rjecnik-pravnog-nazivlja-trgovackih-drustava","title":{"rendered":"Hrvatsko-njema\u010dki i njema\u010dko-hrvatski rje\u010dnik pravnog nazivlja trgova\u010dkih dru\u0161tava"},"content":{"rendered":"","protected":false},"excerpt":{"rendered":"","protected":false},"featured_media":6192,"template":"","meta":[],"product_brand":[],"product_cat":[21],"product_tag":[],"class_list":{"0":"post-6191","1":"product","2":"type-product","3":"status-publish","4":"has-post-thumbnail","6":"product_cat-rjec","8":"first","9":"instock","10":"featured","11":"shipping-taxable","12":"purchasable","13":"product-type-simple"},"_links":{"self":[{"href":"https:\/\/www.shop.skolskanaklada.ba\/index.php?rest_route=\/wp\/v2\/product\/6191","targetHints":{"allow":["GET"]}}],"collection":[{"href":"https:\/\/www.shop.skolskanaklada.ba\/index.php?rest_route=\/wp\/v2\/product"}],"about":[{"href":"https:\/\/www.shop.skolskanaklada.ba\/index.php?rest_route=\/wp\/v2\/types\/product"}],"version-history":[{"count":2,"href":"https:\/\/www.shop.skolskanaklada.ba\/index.php?rest_route=\/wp\/v2\/product\/6191\/revisions"}],"predecessor-version":[{"id":6194,"href":"https:\/\/www.shop.skolskanaklada.ba\/index.php?rest_route=\/wp\/v2\/product\/6191\/revisions\/6194"}],"wp:featuredmedia":[{"embeddable":true,"href":"https:\/\/www.shop.skolskanaklada.ba\/index.php?rest_route=\/wp\/v2\/media\/6192"}],"wp:attachment":[{"href":"https:\/\/www.shop.skolskanaklada.ba\/index.php?rest_route=%2Fwp%2Fv2%2Fmedia&parent=6191"}],"wp:term":[{"taxonomy":"product_brand","embeddable":true,"href":"https:\/\/www.shop.skolskanaklada.ba\/index.php?rest_route=%2Fwp%2Fv2%2Fproduct_brand&post=6191"},{"taxonomy":"product_cat","embeddable":true,"href":"https:\/\/www.shop.skolskanaklada.ba\/index.php?rest_route=%2Fwp%2Fv2%2Fproduct_cat&post=6191"},{"taxonomy":"product_tag","embeddable":true,"href":"https:\/\/www.shop.skolskanaklada.ba\/index.php?rest_route=%2Fwp%2Fv2%2Fproduct_tag&post=6191"}],"curies":[{"name":"wp","href":"https:\/\/api.w.org\/{rel}","templated":true}]}}